{"id":2270,"date":"2022-05-09T09:17:30","date_gmt":"2022-05-09T09:17:30","guid":{"rendered":"https:\/\/lunamer-realestate.com\/site\/?page_id=2270"},"modified":"2022-05-09T10:25:21","modified_gmt":"2022-05-09T10:25:21","slug":"litigio","status":"publish","type":"page","link":"https:\/\/lunamer-realestate.com\/site\/litigio\/","title":{"rendered":"Lit\u00edgio"},"content":{"rendered":"\t\t<div data-elementor-type=\"wp-page\" data-elementor-id=\"2270\" class=\"elementor elementor-2270\">\n\t\t\t\t\t\t\t\t\t<section class=\"elementor-section elementor-top-section elementor-element elementor-element-775547c elementor-section-boxed elementor-section-height-default elementor-section-height-default row-top\" data-id=\"775547c\" data-element_type=\"section\" data-settings=\"{&quot;background_background&quot;:&quot;slideshow&quot;,&quot;background_slideshow_gallery&quot;:[{&quot;id&quot;:532,&quot;url&quot;:&quot;https:\\\/\\\/lunamer-realestate.com\\\/site\\\/wp-content\\\/uploads\\\/2022\\\/04\\\/3-scaled.jpg&quot;}],&quot;background_slideshow_loop&quot;:&quot;yes&quot;,&quot;background_slideshow_slide_duration&quot;:5000,&quot;background_slideshow_slide_transition&quot;:&quot;fade&quot;,&quot;background_slideshow_transition_duration&quot;:500}\">\n\t\t\t\t\t\t<div class=\"elementor-container elementor-column-gap-default\">\n\t\t\t\t\t<div class=\"elementor-column elementor-col-100 elementor-top-column elementor-element elementor-element-a2aca2f column-style-top\" data-id=\"a2aca2f\" data-element_type=\"column\">\n\t\t\t<div class=\"elementor-widget-wrap elementor-element-populated\">\n\t\t\t\t\t\t\t\t<div class=\"elementor-element elementor-element-ac2dc2f elementor-widget elementor-widget-spacer\" data-id=\"ac2dc2f\" data-element_type=\"widget\" data-widget_type=\"spacer.default\">\n\t\t\t\t<div class=\"elementor-widget-container\">\n\t\t\t<style>\/*! elementor - v3.6.1 - 23-03-2022 *\/\n.e-container.e-container--row .elementor-spacer-inner{width:var(--spacer-size)}.e-container.e-container--column .elementor-spacer-inner,.elementor-column .elementor-spacer-inner{height:var(--spacer-size)}<\/style>\t\t<div class=\"elementor-spacer\">\n\t\t\t<div class=\"elementor-spacer-inner\"><\/div>\n\t\t<\/div>\n\t\t\t\t<\/div>\n\t\t\t\t<\/div>\n\t\t\t\t<div class=\"elementor-element elementor-element-cffbed8 elementor-widget elementor-widget-heading\" data-id=\"cffbed8\" data-element_type=\"widget\" data-widget_type=\"heading.default\">\n\t\t\t\t<div class=\"elementor-widget-container\">\n\t\t\t<style>\/*! elementor - v3.6.1 - 23-03-2022 *\/\n.elementor-heading-title{padding:0;margin:0;line-height:1}.elementor-widget-heading .elementor-heading-title[class*=elementor-size-]>a{color:inherit;font-size:inherit;line-height:inherit}.elementor-widget-heading .elementor-heading-title.elementor-size-small{font-size:15px}.elementor-widget-heading .elementor-heading-title.elementor-size-medium{font-size:19px}.elementor-widget-heading .elementor-heading-title.elementor-size-large{font-size:29px}.elementor-widget-heading .elementor-heading-title.elementor-size-xl{font-size:39px}.elementor-widget-heading .elementor-heading-title.elementor-size-xxl{font-size:59px}<\/style><h2 class=\"elementor-heading-title elementor-size-default\">Resolu\u00e7\u00e3o Alternativa de Lit\u00edgios<\/h2>\t\t<\/div>\n\t\t\t\t<\/div>\n\t\t\t\t<div class=\"elementor-element elementor-element-c54f0e5 elementor-widget elementor-widget-spacer\" data-id=\"c54f0e5\" data-element_type=\"widget\" data-widget_type=\"spacer.default\">\n\t\t\t\t<div class=\"elementor-widget-container\">\n\t\t\t\t\t<div class=\"elementor-spacer\">\n\t\t\t<div class=\"elementor-spacer-inner\"><\/div>\n\t\t<\/div>\n\t\t\t\t<\/div>\n\t\t\t\t<\/div>\n\t\t\t\t\t<\/div>\n\t\t<\/div>\n\t\t\t\t\t\t\t<\/div>\n\t\t<\/section>\n\t\t\t\t<section class=\"elementor-section elementor-top-section elementor-element elementor-element-8d597e6 elementor-section-boxed elementor-section-height-default elementor-section-height-default row-top\" data-id=\"8d597e6\" data-element_type=\"section\">\n\t\t\t\t\t\t<div class=\"elementor-container elementor-column-gap-default\">\n\t\t\t\t\t<div class=\"elementor-column elementor-col-100 elementor-top-column elementor-element elementor-element-f18d076 column-style-top\" data-id=\"f18d076\" data-element_type=\"column\">\n\t\t\t<div class=\"elementor-widget-wrap elementor-element-populated\">\n\t\t\t\t\t\t\t\t<div class=\"elementor-element elementor-element-d275b2a elementor-widget elementor-widget-spacer\" data-id=\"d275b2a\" data-element_type=\"widget\" data-widget_type=\"spacer.default\">\n\t\t\t\t<div class=\"elementor-widget-container\">\n\t\t\t\t\t<div class=\"elementor-spacer\">\n\t\t\t<div class=\"elementor-spacer-inner\"><\/div>\n\t\t<\/div>\n\t\t\t\t<\/div>\n\t\t\t\t<\/div>\n\t\t\t\t<div class=\"elementor-element elementor-element-aeacf7a elementor-widget elementor-widget-text-editor\" data-id=\"aeacf7a\" data-element_type=\"widget\" data-widget_type=\"text-editor.default\">\n\t\t\t\t<div class=\"elementor-widget-container\">\n\t\t\t<style>\/*! elementor - v3.6.1 - 23-03-2022 *\/\n.elementor-widget-text-editor.elementor-drop-cap-view-stacked .elementor-drop-cap{background-color:#818a91;color:#fff}.elementor-widget-text-editor.elementor-drop-cap-view-framed .elementor-drop-cap{color:#818a91;border:3px solid;background-color:transparent}.elementor-widget-text-editor:not(.elementor-drop-cap-view-default) .elementor-drop-cap{margin-top:8px}.elementor-widget-text-editor:not(.elementor-drop-cap-view-default) .elementor-drop-cap-letter{width:1em;height:1em}.elementor-widget-text-editor .elementor-drop-cap{float:left;text-align:center;line-height:1;font-size:50px}.elementor-widget-text-editor .elementor-drop-cap-letter{display:inline-block}<\/style>\t\t\t\t<div align=\"justify\"><b>Resolu\u00e7\u00e3o Alternativa de Lit\u00edgios<\/b><\/div><div align=\"justify\"><br \/>Em caso de lit\u00edgio o consumidor pode recorrer a uma Entidade de Resolu\u00e7\u00e3o Alternativa de Lit\u00edgios de consumo:<br \/><br \/>Centro de Arbitragem de Conflitos de Consumo de Lisboa<\/div><div align=\"justify\"><a title=\"http:\/\/www.centroarbitragemlisboa.pt\" href=\"http:\/\/www.centroarbitragemlisboa.pt\/\" target=\"_blank\" rel=\"noopener\"><b>http:\/\/www.centroarbitragemlisboa.pt<\/b><\/a><\/div><div align=\"justify\"><br \/>Centro de Arbitragem de Conflitos de Consumo do Vale do Ave\/Tribunal Arbitral<\/div><div align=\"justify\"><a title=\"http:\/\/www.triave.pt\" href=\"http:\/\/www.triave.pt\/\" target=\"_blank\" rel=\"noopener\"><b>http:\/\/www.triave.pt<\/b><\/a><\/div><div align=\"justify\"><br \/>CIAB \u2013 Centro de Informa\u00e7\u00e3o, Media\u00e7\u00e3o e Arbitragem de Consumo (Tribunal Arbitral de Consumo)<\/div><div align=\"justify\"><a title=\"http:\/\/www.ciab.pt\/pt\" href=\"http:\/\/www.ciab.pt\/pt\" target=\"_blank\" rel=\"noopener\"><b>http:\/\/www.ciab.pt\/pt<\/b><\/a><\/div><div align=\"justify\"><br \/>CNIACC \u2013 Centro Nacional de Informa\u00e7\u00e3o e Arbitragem de Conflitos de Consumo<\/div><div align=\"justify\"><a title=\"https:\/\/www.cniacc.pt\/pt\/\" href=\"https:\/\/www.cniacc.pt\/pt\/\" target=\"_blank\" rel=\"noopener\"><b>https:\/\/www.cniacc.pt\/pt\/<\/b><\/a><\/div><div align=\"justify\"><br \/>Centro de Arbitragem de Conflitos de Consumo do Distrito de Coimbra<\/div><div align=\"justify\"><a title=\"http:\/\/www.centrodearbitragemdecoimbra.com\" href=\"http:\/\/www.centrodearbitragemdecoimbra.com\/\" target=\"_blank\" rel=\"noopener\"><b>http:\/\/www.centrodearbitragemdecoimbra.com<\/b><\/a><\/div><div align=\"justify\"><br \/>Centro de Informa\u00e7\u00e3o, Media\u00e7\u00e3o e Arbitragem de Conflitos de Consumo do Algarve<\/div><div align=\"justify\"><a title=\"http:\/\/www.consumoalgarve.pt\" href=\"http:\/\/www.consumoalgarve.pt\/\" target=\"_blank\" rel=\"noopener\"><b>http:\/\/www.consumoalgarve.pt<\/b><\/a><\/div><div align=\"justify\"><br \/>Centro de Informa\u00e7\u00e3o de Consumo e Arbitragem do Porto<\/div><div align=\"justify\"><a title=\"http:\/\/www.cicap.pt\" href=\"http:\/\/www.cicap.pt\/\" target=\"_blank\" rel=\"noopener\"><b>http:\/\/www.cicap.pt<\/b><\/a><\/div><div align=\"justify\"><br \/>Centro de Arbitragem de Conflitos de Consumo da Madeira<\/div><div align=\"justify\"><a title=\"https:\/\/www.madeira.gov.pt\/cacc\" href=\"https:\/\/www.madeira.gov.pt\/cacc\" target=\"_blank\" rel=\"noopener\"><b>https:\/\/www.madeira.gov.pt\/cacc<\/b><\/a><\/div><div align=\"justify\"><br \/>Mais informa\u00e7\u00f5es em Portal do Consumidor\u00a0<a title=\"http:\/\/www.consumidor.pt\" href=\"http:\/\/www.consumidor.pt\/\" target=\"_blank\" rel=\"noopener\">www.consumidor.pt<\/a><\/div>\t\t\t\t\t\t<\/div>\n\t\t\t\t<\/div>\n\t\t\t\t<div class=\"elementor-element elementor-element-16a5f00 elementor-widget elementor-widget-spacer\" data-id=\"16a5f00\" data-element_type=\"widget\" data-widget_type=\"spacer.default\">\n\t\t\t\t<div class=\"elementor-widget-container\">\n\t\t\t\t\t<div class=\"elementor-spacer\">\n\t\t\t<div class=\"elementor-spacer-inner\"><\/div>\n\t\t<\/div>\n\t\t\t\t<\/div>\n\t\t\t\t<\/div>\n\t\t\t\t\t<\/div>\n\t\t<\/div>\n\t\t\t\t\t\t\t<\/div>\n\t\t<\/section>\n\t\t\t\t\t\t\t<\/div>\n\t\t","protected":false},"excerpt":{"rendered":"<p>Resolu\u00e7\u00e3o Alternativa de Lit\u00edgios Resolu\u00e7\u00e3o Alternativa de Lit\u00edgiosEm caso de lit\u00edgio o consumidor pode recorrer a uma Entidade de Resolu\u00e7\u00e3o Alternativa de Lit\u00edgios de consumo: Centro de Arbitragem de Conflitos [&hellip;]<\/p>\n","protected":false},"author":6,"featured_media":0,"parent":0,"menu_order":0,"comment_status":"closed","ping_status":"closed","template":"","meta":{"footnotes":""},"class_list":["post-2270","page","type-page","status-publish","hentry"],"_links":{"self":[{"href":"https:\/\/lunamer-realestate.com\/site\/wp-json\/wp\/v2\/pages\/2270","targetHints":{"allow":["GET"]}}],"collection":[{"href":"https:\/\/lunamer-realestate.com\/site\/wp-json\/wp\/v2\/pages"}],"about":[{"href":"https:\/\/lunamer-realestate.com\/site\/wp-json\/wp\/v2\/types\/page"}],"author":[{"embeddable":true,"href":"https:\/\/lunamer-realestate.com\/site\/wp-json\/wp\/v2\/users\/6"}],"replies":[{"embeddable":true,"href":"https:\/\/lunamer-realestate.com\/site\/wp-json\/wp\/v2\/comments?post=2270"}],"version-history":[{"count":0,"href":"https:\/\/lunamer-realestate.com\/site\/wp-json\/wp\/v2\/pages\/2270\/revisions"}],"wp:attachment":[{"href":"https:\/\/lunamer-realestate.com\/site\/wp-json\/wp\/v2\/media?parent=2270"}],"curies":[{"name":"wp","href":"https:\/\/api.w.org\/{rel}","templated":true}]}}